{"id":187,"date":"2025-05-06T20:39:01","date_gmt":"2025-05-06T20:39:01","guid":{"rendered":"https:\/\/reisinger-adrian.web.kslinz.at\/Maennerbrau\/index.php\/produkt\/mohrenbraeu-pfiff\/"},"modified":"2025-05-06T21:24:39","modified_gmt":"2025-05-06T21:24:39","slug":"mohrenbraeu-pfiff","status":"publish","type":"product","link":"https:\/\/reisinger-adrian.web.kslinz.at\/Maennerbrau\/index.php\/produkt\/mohrenbraeu-pfiff\/","title":{"rendered":"Mohrenbr\u00e4u Pfiff"},"content":{"rendered":"<p>Mohrenbr\u00e4u Pfiff ist ein klassisches Bier aus \u00d6sterreich, das mit traditioneller Braukunst \u00fcberzeugt.<\/p>\n","protected":false},"excerpt":{"rendered":"<p>Mohrenbr\u00e4u Pfiff ist ein klassisches Bier aus \u00d6sterreich, das mit traditioneller Braukunst \u00fcberzeugt.<\/p>\n","protected":false},"featured_media":216,"template":"","meta":[],"product_brand":[],"product_cat":[21],"product_tag":[22],"class_list":{"0":"post-187","1":"product","2":"type-product","3":"status-publish","4":"has-post-thumbnail","6":"product_cat-bier","7":"product_tag-oesterreich","9":"first","10":"instock","11":"shipping-taxable","12":"purchasable","13":"product-type-simple"},"_links":{"self":[{"href":"https:\/\/reisinger-adrian.web.kslinz.at\/Maennerbrau\/index.php\/wp-json\/wp\/v2\/product\/187","targetHints":{"allow":["GET"]}}],"collection":[{"href":"https:\/\/reisinger-adrian.web.kslinz.at\/Maennerbrau\/index.php\/wp-json\/wp\/v2\/product"}],"about":[{"href":"https:\/\/reisinger-adrian.web.kslinz.at\/Maennerbrau\/index.php\/wp-json\/wp\/v2\/types\/product"}],"wp:featuredmedia":[{"embeddable":true,"href":"https:\/\/reisinger-adrian.web.kslinz.at\/Maennerbrau\/index.php\/wp-json\/wp\/v2\/media\/216"}],"wp:attachment":[{"href":"https:\/\/reisinger-adrian.web.kslinz.at\/Maennerbrau\/index.php\/wp-json\/wp\/v2\/media?parent=187"}],"wp:term":[{"taxonomy":"product_brand","embeddable":true,"href":"https:\/\/reisinger-adrian.web.kslinz.at\/Maennerbrau\/index.php\/wp-json\/wp\/v2\/product_brand?post=187"},{"taxonomy":"product_cat","embeddable":true,"href":"https:\/\/reisinger-adrian.web.kslinz.at\/Maennerbrau\/index.php\/wp-json\/wp\/v2\/product_cat?post=187"},{"taxonomy":"product_tag","embeddable":true,"href":"https:\/\/reisinger-adrian.web.kslinz.at\/Maennerbrau\/index.php\/wp-json\/wp\/v2\/product_tag?post=187"}],"curies":[{"name":"wp","href":"https:\/\/api.w.org\/{rel}","templated":true}]}}